{"id":3,"date":"2019-06-25T17:22:49","date_gmt":"2019-06-25T17:22:49","guid":{"rendered":"http:\/\/maedchenlager.stbruno.de\/?page_id=3"},"modified":"2019-06-28T10:08:08","modified_gmt":"2019-06-28T10:08:08","slug":"privacy-policy","status":"publish","type":"page","link":"https:\/\/maedchenlager.stbruno.de\/?page_id=3","title":{"rendered":"Datenschutz"},"content":{"rendered":"\n<p>Wer wir sind:<br>Wir sind die Kolpingjugend St. Bruno in K\u00f6ln<br>Die Adresse unserer Website ist: http:\/\/maedchenlager.stbruno.de.<\/p>\n\n\n\n<hr class=\"wp-block-separator\"\/>\n\n\n\n<p>Welche personenbezogenen Daten wir sammeln und warum wir sie sammeln:<\/p>\n\n\n\n<p>Kommentare<br>Wir haben alle Kommentare abgestellt. Daher sammeln wir hier keine Daten.<\/p>\n\n\n\n<p>Cookies<br>Eingebettete Inhalte von anderen Websites<br>Beitr\u00e4ge auf dieser Website k\u00f6nnen eingebettete Inhalte beinhalten (z. B. Videos, Bilder, Beitr\u00e4ge etc.). Eingebettete Inhalte von anderen Websites verhalten sich exakt so, als ob der Besucher die andere Website besucht h\u00e4tte.<\/p>\n\n\n\n<p>Diese Websites k\u00f6nnen Daten \u00fcber dich sammeln, Cookies benutzen, zus\u00e4tzliche Tracking-Dienste von Dritten einbetten und deine Interaktion mit diesem eingebetteten Inhalt aufzeichnen, inklusive deiner Interaktion mit dem eingebetteten Inhalt, falls du ein Konto hast und auf dieser Website angemeldet bist.<\/p>\n\n\n\n<hr class=\"wp-block-separator\"\/>\n\n\n\n<p>Mit wem wir deine Daten teilen<br>Mit niemanden!<\/p>\n\n\n\n<p>Wie lange wir deine Daten speichern<br>Wir speichern keine Daten!<\/p>\n\n\n\n<p>F\u00fcr Benutzer, die sich auf unserer Website registrieren, speichern wir zus\u00e4tzlich die pers\u00f6nlichen Informationen, die sie in ihren Benutzerprofilen angeben. Alle Benutzer k\u00f6nnen jederzeit ihre pers\u00f6nlichen Informationen einsehen, ver\u00e4ndern oder l\u00f6schen (der Benutzername kann nicht ver\u00e4ndert werden). Administratoren der Website k\u00f6nnen diese Informationen ebenfalls einsehen und ver\u00e4ndern.<\/p>\n\n\n\n<hr class=\"wp-block-separator\"\/>\n\n\n\n<p>Welche Rechte du an deinen Daten hast<\/p>\n\n\n\n<p>Wenn du ein Konto auf dieser Website besitzt oder Kommentare geschrieben hast, kannst du einen Export deiner personenbezogenen Daten bei uns anfordern, inklusive aller Daten, die du uns mitgeteilt hast. Dar\u00fcber hinaus kannst du die L\u00f6schung aller personenbezogenen Daten, die wir von dir gespeichert haben, anfordern. Dies umfasst nicht die Daten, die wir aufgrund administrativer, rechtlicher oder sicherheitsrelevanter Notwendigkeiten aufbewahren m\u00fcssen.<\/p>\n","protected":false},"excerpt":{"rendered":"<p>Wer wir sind:Wir sind die Kolpingjugend St. Bruno in K\u00f6lnDie Adresse unserer Website ist: http:\/\/maedchenlager.stbruno.de. Welche personenbezogenen Daten wir sammeln und warum wir sie sammeln: KommentareWir haben alle Kommentare abgestellt. Daher sammeln wir hier keine Daten. CookiesEingebettete Inhalte von anderen WebsitesBeitr\u00e4ge auf dieser Website k\u00f6nnen eingebettete Inhalte beinhalten (z. B. Videos, Bilder, Beitr\u00e4ge etc.). Eingebettete &hellip; <a href=\"https:\/\/maedchenlager.stbruno.de\/?page_id=3\" class=\"more-link\"><span class=\"screen-reader-text\">Datenschutz<\/span> weiterlesen<\/a><\/p>\n","protected":false},"author":1,"featured_media":0,"parent":0,"menu_order":0,"comment_status":"closed","ping_status":"open","template":"","meta":{"_uag_custom_page_level_css":"","footnotes":""},"class_list":["post-3","page","type-page","status-publish","hentry"],"uagb_featured_image_src":{"full":false,"thumbnail":false,"medium":false,"medium_large":false,"large":false,"1536x1536":false,"2048x2048":false,"post-thumbnail":false},"uagb_author_info":{"display_name":"admin","author_link":"https:\/\/maedchenlager.stbruno.de\/?author=1"},"uagb_comment_info":0,"uagb_excerpt":"Wer wir sind:Wir sind die Kolpingjugend St. Bruno in K\u00f6lnDie Adresse unserer Website ist: http:\/\/maedchenlager.stbruno.de. Welche personenbezogenen Daten wir sammeln und warum wir sie sammeln: KommentareWir haben alle Kommentare abgestellt. Daher sammeln wir hier keine Daten. CookiesEingebettete Inhalte von anderen WebsitesBeitr\u00e4ge auf dieser Website k\u00f6nnen eingebettete Inhalte beinhalten (z. B. Videos, Bilder, Beitr\u00e4ge etc.). Eingebettete&hellip;","_links":{"self":[{"href":"https:\/\/maedchenlager.stbruno.de\/index.php?rest_route=\/wp\/v2\/pages\/3","targetHints":{"allow":["GET"]}}],"collection":[{"href":"https:\/\/maedchenlager.stbruno.de\/index.php?rest_route=\/wp\/v2\/pages"}],"about":[{"href":"https:\/\/maedchenlager.stbruno.de\/index.php?rest_route=\/wp\/v2\/types\/page"}],"author":[{"embeddable":true,"href":"https:\/\/maedchenlager.stbruno.de\/index.php?rest_route=\/wp\/v2\/users\/1"}],"replies":[{"embeddable":true,"href":"https:\/\/maedchenlager.stbruno.de\/index.php?rest_route=%2Fwp%2Fv2%2Fcomments&post=3"}],"version-history":[{"count":1,"href":"https:\/\/maedchenlager.stbruno.de\/index.php?rest_route=\/wp\/v2\/pages\/3\/revisions"}],"predecessor-version":[{"id":25,"href":"https:\/\/maedchenlager.stbruno.de\/index.php?rest_route=\/wp\/v2\/pages\/3\/revisions\/25"}],"wp:attachment":[{"href":"https:\/\/maedchenlager.stbruno.de\/index.php?rest_route=%2Fwp%2Fv2%2Fmedia&parent=3"}],"curies":[{"name":"wp","href":"https:\/\/api.w.org\/{rel}","templated":true}]}}