{"id":18,"date":"2019-06-28T09:50:03","date_gmt":"2019-06-28T09:50:03","guid":{"rendered":"http:\/\/maedchenlager.stbruno.de\/?page_id=18"},"modified":"2026-01-20T18:05:16","modified_gmt":"2026-01-20T17:05:16","slug":"informationen","status":"publish","type":"page","link":"https:\/\/maedchenlager.stbruno.de\/?page_id=18","title":{"rendered":"Informationen"},"content":{"rendered":"\n<h2 class=\"wp-block-heading has-text-align-center\">Sommerlager 2026<\/h2>\n\n\n\n<p class=\"has-text-align-center\">Das Sommerlager 2026 findet dieses Jahr vom 15.08-29.08. statt! Wir fahren in die sch\u00f6ne Freizeitst\u00e4tte Kehlberg in die N\u00e4he vom N\u00fcrburg Ring.\u00a0<\/p>\n\n\n\n<p>Haben wir dein Interesse geweckt? Dann kannst du dich <a href=\"https:\/\/maedchenlager.stbruno.de\/?page_id=1166\" data-type=\"link\" data-id=\"https:\/\/maedchenlager.stbruno.de\/?page_id=1166\">hier <\/a>anmelden!&nbsp;<\/p>\n\n\n\n<p>Wenn du schonmal erste Eindr\u00fccke \u00fcber unser diesj\u00e4hriges Haus gewinnen willst, dann schaue weiter unten!<\/p>\n\n\n\n<h2 class=\"wp-block-heading has-text-align-center\">Unser Haus 2026<\/h2>\n\n\n\n<div class=\"wp-block-columns is-layout-flex wp-container-core-columns-is-layout-9d6595d7 wp-block-columns-is-layout-flex\">\n<div class=\"wp-block-column is-layout-flow wp-block-column-is-layout-flow\">\n<figure data-wp-context=\"{&quot;imageId&quot;:&quot;69e5dfbd155e7&quot;}\" data-wp-interactive=\"core\/image\" class=\"wp-block-image size-large wp-lightbox-container\"><img decoding=\"async\" data-wp-class--hide=\"state.isContentHidden\" data-wp-class--show=\"state.isContentVisible\" data-wp-init=\"callbacks.setButtonStyles\" data-wp-on-async--click=\"actions.showLightbox\" data-wp-on-async--load=\"callbacks.setButtonStyles\" data-wp-on-async-window--resize=\"callbacks.setButtonStyles\" src=\"https:\/\/www.freizeitheim-kelberg.de\/wp-content\/uploads\/E0784A86-6331-4C6A-9008-8C962BC20A8A.jpeg\" alt=\"\"\/><button\n\t\t\tclass=\"lightbox-trigger\"\n\t\t\ttype=\"button\"\n\t\t\taria-haspopup=\"dialog\"\n\t\t\taria-label=\"Vergr\u00f6\u00dfern\"\n\t\t\tdata-wp-init=\"callbacks.initTriggerButton\"\n\t\t\tdata-wp-on-async--click=\"actions.showLightbox\"\n\t\t\tdata-wp-style--right=\"state.imageButtonRight\"\n\t\t\tdata-wp-style--top=\"state.imageButtonTop\"\n\t\t>\n\t\t\t<svg xmlns=\"http:\/\/www.w3.org\/2000\/svg\" width=\"12\" height=\"12\" fill=\"none\" viewBox=\"0 0 12 12\">\n\t\t\t\t<path fill=\"#fff\" d=\"M2 0a2 2 0 0 0-2 2v2h1.5V2a.5.5 0 0 1 .5-.5h2V0H2Zm2 10.5H2a.5.5 0 0 1-.5-.5V8H0v2a2 2 0 0 0 2 2h2v-1.5ZM8 12v-1.5h2a.5.5 0 0 0 .5-.5V8H12v2a2 2 0 0 1-2 2H8Zm2-12a2 2 0 0 1 2 2v2h-1.5V2a.5.5 0 0 0-.5-.5H8V0h2Z\" \/>\n\t\t\t<\/svg>\n\t\t<\/button><\/figure>\n\n\n\n<figure data-wp-context=\"{&quot;imageId&quot;:&quot;69e5dfbd158d1&quot;}\" data-wp-interactive=\"core\/image\" class=\"wp-block-image size-large wp-lightbox-container\"><img loading=\"lazy\" decoding=\"async\" width=\"1024\" height=\"680\" data-wp-class--hide=\"state.isContentHidden\" data-wp-class--show=\"state.isContentVisible\" data-wp-init=\"callbacks.setButtonStyles\" data-wp-on-async--click=\"actions.showLightbox\" data-wp-on-async--load=\"callbacks.setButtonStyles\" data-wp-on-async-window--resize=\"callbacks.setButtonStyles\" src=\"https:\/\/maedchenlager.stbruno.de\/wp-content\/uploads\/2026\/01\/IMG_2026-1024x680.jpeg\" alt=\"\" class=\"wp-image-1845\" srcset=\"https:\/\/maedchenlager.stbruno.de\/wp-content\/uploads\/2026\/01\/IMG_2026-1024x680.jpeg 1024w, https:\/\/maedchenlager.stbruno.de\/wp-content\/uploads\/2026\/01\/IMG_2026-300x199.jpeg 300w, https:\/\/maedchenlager.stbruno.de\/wp-content\/uploads\/2026\/01\/IMG_2026-768x510.jpeg 768w, https:\/\/maedchenlager.stbruno.de\/wp-content\/uploads\/2026\/01\/IMG_2026-1536x1021.jpeg 1536w, https:\/\/maedchenlager.stbruno.de\/wp-content\/uploads\/2026\/01\/IMG_2026-2048x1361.jpeg 2048w\" sizes=\"auto, (max-width: 1024px) 100vw, 1024px\" \/><button\n\t\t\tclass=\"lightbox-trigger\"\n\t\t\ttype=\"button\"\n\t\t\taria-haspopup=\"dialog\"\n\t\t\taria-label=\"Vergr\u00f6\u00dfern\"\n\t\t\tdata-wp-init=\"callbacks.initTriggerButton\"\n\t\t\tdata-wp-on-async--click=\"actions.showLightbox\"\n\t\t\tdata-wp-style--right=\"state.imageButtonRight\"\n\t\t\tdata-wp-style--top=\"state.imageButtonTop\"\n\t\t>\n\t\t\t<svg xmlns=\"http:\/\/www.w3.org\/2000\/svg\" width=\"12\" height=\"12\" fill=\"none\" viewBox=\"0 0 12 12\">\n\t\t\t\t<path fill=\"#fff\" d=\"M2 0a2 2 0 0 0-2 2v2h1.5V2a.5.5 0 0 1 .5-.5h2V0H2Zm2 10.5H2a.5.5 0 0 1-.5-.5V8H0v2a2 2 0 0 0 2 2h2v-1.5ZM8 12v-1.5h2a.5.5 0 0 0 .5-.5V8H12v2a2 2 0 0 1-2 2H8Zm2-12a2 2 0 0 1 2 2v2h-1.5V2a.5.5 0 0 0-.5-.5H8V0h2Z\" \/>\n\t\t\t<\/svg>\n\t\t<\/button><\/figure>\n<\/div>\n\n\n\n<div class=\"wp-block-column is-layout-flow wp-block-column-is-layout-flow\">\n<figure data-wp-context=\"{&quot;imageId&quot;:&quot;69e5dfbd15c1a&quot;}\" data-wp-interactive=\"core\/image\" class=\"wp-block-image size-large wp-lightbox-container\"><img decoding=\"async\" data-wp-class--hide=\"state.isContentHidden\" data-wp-class--show=\"state.isContentVisible\" data-wp-init=\"callbacks.setButtonStyles\" data-wp-on-async--click=\"actions.showLightbox\" data-wp-on-async--load=\"callbacks.setButtonStyles\" data-wp-on-async-window--resize=\"callbacks.setButtonStyles\" src=\"https:\/\/www.freizeitheim-kelberg.de\/wp-content\/uploads\/2017\/02\/Freizeitst%C3%A4tte.jpg\" alt=\"\"\/><button\n\t\t\tclass=\"lightbox-trigger\"\n\t\t\ttype=\"button\"\n\t\t\taria-haspopup=\"dialog\"\n\t\t\taria-label=\"Vergr\u00f6\u00dfern\"\n\t\t\tdata-wp-init=\"callbacks.initTriggerButton\"\n\t\t\tdata-wp-on-async--click=\"actions.showLightbox\"\n\t\t\tdata-wp-style--right=\"state.imageButtonRight\"\n\t\t\tdata-wp-style--top=\"state.imageButtonTop\"\n\t\t>\n\t\t\t<svg xmlns=\"http:\/\/www.w3.org\/2000\/svg\" width=\"12\" height=\"12\" fill=\"none\" viewBox=\"0 0 12 12\">\n\t\t\t\t<path fill=\"#fff\" d=\"M2 0a2 2 0 0 0-2 2v2h1.5V2a.5.5 0 0 1 .5-.5h2V0H2Zm2 10.5H2a.5.5 0 0 1-.5-.5V8H0v2a2 2 0 0 0 2 2h2v-1.5ZM8 12v-1.5h2a.5.5 0 0 0 .5-.5V8H12v2a2 2 0 0 1-2 2H8Zm2-12a2 2 0 0 1 2 2v2h-1.5V2a.5.5 0 0 0-.5-.5H8V0h2Z\" \/>\n\t\t\t<\/svg>\n\t\t<\/button><\/figure>\n\n\n\n<figure data-wp-context=\"{&quot;imageId&quot;:&quot;69e5dfbd15cd3&quot;}\" data-wp-interactive=\"core\/image\" class=\"wp-block-image size-large wp-lightbox-container\"><img decoding=\"async\" data-wp-class--hide=\"state.isContentHidden\" data-wp-class--show=\"state.isContentVisible\" data-wp-init=\"callbacks.setButtonStyles\" data-wp-on-async--click=\"actions.showLightbox\" data-wp-on-async--load=\"callbacks.setButtonStyles\" data-wp-on-async-window--resize=\"callbacks.setButtonStyles\" src=\"https:\/\/www.freizeitheim-kelberg.de\/wp-content\/uploads\/2017\/02\/Aufenthaltsraum-Tisch.jpg\" alt=\"\"\/><button\n\t\t\tclass=\"lightbox-trigger\"\n\t\t\ttype=\"button\"\n\t\t\taria-haspopup=\"dialog\"\n\t\t\taria-label=\"Vergr\u00f6\u00dfern\"\n\t\t\tdata-wp-init=\"callbacks.initTriggerButton\"\n\t\t\tdata-wp-on-async--click=\"actions.showLightbox\"\n\t\t\tdata-wp-style--right=\"state.imageButtonRight\"\n\t\t\tdata-wp-style--top=\"state.imageButtonTop\"\n\t\t>\n\t\t\t<svg xmlns=\"http:\/\/www.w3.org\/2000\/svg\" width=\"12\" height=\"12\" fill=\"none\" viewBox=\"0 0 12 12\">\n\t\t\t\t<path fill=\"#fff\" d=\"M2 0a2 2 0 0 0-2 2v2h1.5V2a.5.5 0 0 1 .5-.5h2V0H2Zm2 10.5H2a.5.5 0 0 1-.5-.5V8H0v2a2 2 0 0 0 2 2h2v-1.5ZM8 12v-1.5h2a.5.5 0 0 0 .5-.5V8H12v2a2 2 0 0 1-2 2H8Zm2-12a2 2 0 0 1 2 2v2h-1.5V2a.5.5 0 0 0-.5-.5H8V0h2Z\" \/>\n\t\t\t<\/svg>\n\t\t<\/button><\/figure>\n<\/div>\n\n\n\n<div class=\"wp-block-column is-layout-flow wp-block-column-is-layout-flow\">\n<figure data-wp-context=\"{&quot;imageId&quot;:&quot;69e5dfbd15d9a&quot;}\" data-wp-interactive=\"core\/image\" class=\"wp-block-image size-large wp-lightbox-container\"><img decoding=\"async\" data-wp-class--hide=\"state.isContentHidden\" data-wp-class--show=\"state.isContentVisible\" data-wp-init=\"callbacks.setButtonStyles\" data-wp-on-async--click=\"actions.showLightbox\" data-wp-on-async--load=\"callbacks.setButtonStyles\" data-wp-on-async-window--resize=\"callbacks.setButtonStyles\" src=\"https:\/\/www.freizeitheim-kelberg.de\/wp-content\/uploads\/2017\/02\/Aufenthaltsraum-Theke.jpg\" alt=\"\"\/><button\n\t\t\tclass=\"lightbox-trigger\"\n\t\t\ttype=\"button\"\n\t\t\taria-haspopup=\"dialog\"\n\t\t\taria-label=\"Vergr\u00f6\u00dfern\"\n\t\t\tdata-wp-init=\"callbacks.initTriggerButton\"\n\t\t\tdata-wp-on-async--click=\"actions.showLightbox\"\n\t\t\tdata-wp-style--right=\"state.imageButtonRight\"\n\t\t\tdata-wp-style--top=\"state.imageButtonTop\"\n\t\t>\n\t\t\t<svg xmlns=\"http:\/\/www.w3.org\/2000\/svg\" width=\"12\" height=\"12\" fill=\"none\" viewBox=\"0 0 12 12\">\n\t\t\t\t<path fill=\"#fff\" d=\"M2 0a2 2 0 0 0-2 2v2h1.5V2a.5.5 0 0 1 .5-.5h2V0H2Zm2 10.5H2a.5.5 0 0 1-.5-.5V8H0v2a2 2 0 0 0 2 2h2v-1.5ZM8 12v-1.5h2a.5.5 0 0 0 .5-.5V8H12v2a2 2 0 0 1-2 2H8Zm2-12a2 2 0 0 1 2 2v2h-1.5V2a.5.5 0 0 0-.5-.5H8V0h2Z\" \/>\n\t\t\t<\/svg>\n\t\t<\/button><\/figure>\n\n\n\n<figure data-wp-context=\"{&quot;imageId&quot;:&quot;69e5dfbd15e26&quot;}\" data-wp-interactive=\"core\/image\" class=\"wp-block-image size-large wp-lightbox-container\"><img decoding=\"async\" data-wp-class--hide=\"state.isContentHidden\" data-wp-class--show=\"state.isContentVisible\" data-wp-init=\"callbacks.setButtonStyles\" data-wp-on-async--click=\"actions.showLightbox\" data-wp-on-async--load=\"callbacks.setButtonStyles\" data-wp-on-async-window--resize=\"callbacks.setButtonStyles\" src=\"https:\/\/www.freizeitheim-kelberg.de\/wp-content\/uploads\/2017\/02\/Aufenthaltsraum-Sofas.jpg\" alt=\"\"\/><button\n\t\t\tclass=\"lightbox-trigger\"\n\t\t\ttype=\"button\"\n\t\t\taria-haspopup=\"dialog\"\n\t\t\taria-label=\"Vergr\u00f6\u00dfern\"\n\t\t\tdata-wp-init=\"callbacks.initTriggerButton\"\n\t\t\tdata-wp-on-async--click=\"actions.showLightbox\"\n\t\t\tdata-wp-style--right=\"state.imageButtonRight\"\n\t\t\tdata-wp-style--top=\"state.imageButtonTop\"\n\t\t>\n\t\t\t<svg xmlns=\"http:\/\/www.w3.org\/2000\/svg\" width=\"12\" height=\"12\" fill=\"none\" viewBox=\"0 0 12 12\">\n\t\t\t\t<path fill=\"#fff\" d=\"M2 0a2 2 0 0 0-2 2v2h1.5V2a.5.5 0 0 1 .5-.5h2V0H2Zm2 10.5H2a.5.5 0 0 1-.5-.5V8H0v2a2 2 0 0 0 2 2h2v-1.5ZM8 12v-1.5h2a.5.5 0 0 0 .5-.5V8H12v2a2 2 0 0 1-2 2H8Zm2-12a2 2 0 0 1 2 2v2h-1.5V2a.5.5 0 0 0-.5-.5H8V0h2Z\" \/>\n\t\t\t<\/svg>\n\t\t<\/button><\/figure>\n<\/div>\n<\/div>\n\n\n\n<p>In diesem Jahr 2026 geht\u2019s in die Vulkaneifel, in die Freizeitst\u00e4tte Kehlberg! Dort erwartet uns ein gro\u00dfes Selbstversorger Haus mit Garten, direkt am Waldrand. Nicht nur das Haus mit Grillplatz, Tischtennisplatte, Fu\u00dfballplatz und Partyraum hat viel zu bieten, sondern auch die Umgebung! Ganz in der N\u00e4he, ca. 9km entfernt befindet sich n\u00e4mlich der bekannte N\u00fcrburgring.&nbsp;<\/p>\n\n\n\n<hr class=\"wp-block-separator has-text-color has-cyan-bluish-gray-color has-css-opacity has-cyan-bluish-gray-background-color has-background is-style-wide\"\/>\n\n\n\n<div style=\"height:20px\" aria-hidden=\"true\" class=\"wp-block-spacer\"><\/div>\n\n\n\n<h2 class=\"wp-block-heading has-text-align-center\">Anmeldung 2026<\/h2>\n\n\n\n<p>Nach der Anmeldung des Kindes (Mail oder Pfarrb\u00fcro) bekommt ihr von uns den Link zum Anmeldefomular zugeschickt. Des Weiteren findet ihr <a href=\"https:\/\/maedchenlager.stbruno.de\/?page_id=1220\" data-type=\"link\" data-id=\"https:\/\/maedchenlager.stbruno.de\/?page_id=1220\">hier <\/a>eine kurze Packliste.<\/p>\n\n\n\n<h3 class=\"wp-block-heading has-text-align-center\">Handyregelung<\/h3>\n\n\n\n<p>F\u00fcr Handys oder andere elektronische Ger\u00e4te k\u00f6nnen wir <strong>keinerlei Haftung<\/strong> \u00fcbernehmen und raten deshalb, sie ganz zu Hause zu lassen.<br>Handys, die mitgebracht werden, sammeln wir am Anfang der Fahrt ein. <\/p>\n\n\n\n<div class=\"wp-block-uagb-inline-notice uagb-inline_notice__align-left uagb-block-1374f720\"><button class=\"uagb-notice-close-button\" type=\"button\" aria-label=\"Close\"><\/button><h4 class=\"uagb-notice-title\">Lagerhandy<\/h4><div class=\"uagb-notice-text\">\n<p>Bei <strong>Notf\u00e4llen <\/strong>sind wir erreichbar unter: <strong><a href=\"tel:015772399293\">015772399293<\/a><\/strong><\/p>\n<\/div><\/div>\n\n\n\n<p><\/p>\n","protected":false},"excerpt":{"rendered":"<p>Sommerlager 2026 Das Sommerlager 2026 findet dieses Jahr vom 15.08-29.08. statt! Wir fahren in die sch\u00f6ne Freizeitst\u00e4tte Kehlberg in die N\u00e4he vom N\u00fcrburg Ring.\u00a0 Haben wir dein Interesse geweckt? Dann kannst du dich hier anmelden!&nbsp; Wenn du schonmal erste Eindr\u00fccke \u00fcber unser diesj\u00e4hriges Haus gewinnen willst, dann schaue weiter unten! Unser Haus 2026 In diesem &hellip; <a href=\"https:\/\/maedchenlager.stbruno.de\/?page_id=18\" class=\"more-link\"><span class=\"screen-reader-text\">Informationen<\/span> weiterlesen<\/a><\/p>\n","protected":false},"author":1,"featured_media":1753,"parent":0,"menu_order":0,"comment_status":"closed","ping_status":"closed","template":"","meta":{"_uag_custom_page_level_css":":where(.wp-block-columns.is-layout-flex) {\n\tgap: 0.5em;\n}","footnotes":""},"class_list":["post-18","page","type-page","status-publish","has-post-thumbnail","hentry"],"uagb_featured_image_src":{"full":["https:\/\/maedchenlager.stbruno.de\/wp-content\/uploads\/2026\/01\/infoheader.jpg",1652,564,false],"thumbnail":["https:\/\/maedchenlager.stbruno.de\/wp-content\/uploads\/2026\/01\/infoheader-150x150.jpg",150,150,true],"medium":["https:\/\/maedchenlager.stbruno.de\/wp-content\/uploads\/2026\/01\/infoheader-300x102.jpg",300,102,true],"medium_large":["https:\/\/maedchenlager.stbruno.de\/wp-content\/uploads\/2026\/01\/infoheader-768x262.jpg",768,262,true],"large":["https:\/\/maedchenlager.stbruno.de\/wp-content\/uploads\/2026\/01\/infoheader-1024x350.jpg",900,308,true],"1536x1536":["https:\/\/maedchenlager.stbruno.de\/wp-content\/uploads\/2026\/01\/infoheader-1536x524.jpg",1536,524,true],"2048x2048":["https:\/\/maedchenlager.stbruno.de\/wp-content\/uploads\/2026\/01\/infoheader.jpg",1652,564,false],"post-thumbnail":["https:\/\/maedchenlager.stbruno.de\/wp-content\/uploads\/2026\/01\/infoheader.jpg",1652,564,false]},"uagb_author_info":{"display_name":"admin","author_link":"https:\/\/maedchenlager.stbruno.de\/?author=1"},"uagb_comment_info":0,"uagb_excerpt":"Sommerlager 2026 Das Sommerlager 2026 findet dieses Jahr vom 15.08-29.08. statt! Wir fahren in die sch\u00f6ne Freizeitst\u00e4tte Kehlberg in die N\u00e4he vom N\u00fcrburg Ring.\u00a0 Haben wir dein Interesse geweckt? Dann kannst du dich hier anmelden!&nbsp; Wenn du schonmal erste Eindr\u00fccke \u00fcber unser diesj\u00e4hriges Haus gewinnen willst, dann schaue weiter unten! Unser Haus 2026 In diesem&hellip;","_links":{"self":[{"href":"https:\/\/maedchenlager.stbruno.de\/index.php?rest_route=\/wp\/v2\/pages\/18","targetHints":{"allow":["GET"]}}],"collection":[{"href":"https:\/\/maedchenlager.stbruno.de\/index.php?rest_route=\/wp\/v2\/pages"}],"about":[{"href":"https:\/\/maedchenlager.stbruno.de\/index.php?rest_route=\/wp\/v2\/types\/page"}],"author":[{"embeddable":true,"href":"https:\/\/maedchenlager.stbruno.de\/index.php?rest_route=\/wp\/v2\/users\/1"}],"replies":[{"embeddable":true,"href":"https:\/\/maedchenlager.stbruno.de\/index.php?rest_route=%2Fwp%2Fv2%2Fcomments&post=18"}],"version-history":[{"count":39,"href":"https:\/\/maedchenlager.stbruno.de\/index.php?rest_route=\/wp\/v2\/pages\/18\/revisions"}],"predecessor-version":[{"id":1863,"href":"https:\/\/maedchenlager.stbruno.de\/index.php?rest_route=\/wp\/v2\/pages\/18\/revisions\/1863"}],"wp:featuredmedia":[{"embeddable":true,"href":"https:\/\/maedchenlager.stbruno.de\/index.php?rest_route=\/wp\/v2\/media\/1753"}],"wp:attachment":[{"href":"https:\/\/maedchenlager.stbruno.de\/index.php?rest_route=%2Fwp%2Fv2%2Fmedia&parent=18"}],"curies":[{"name":"wp","href":"https:\/\/api.w.org\/{rel}","templated":true}]}}