{"id":126,"date":"2019-07-29T16:23:53","date_gmt":"2019-07-29T16:23:53","guid":{"rendered":"http:\/\/maedchenlager.stbruno.de\/?page_id=126"},"modified":"2026-04-17T18:44:00","modified_gmt":"2026-04-17T17:44:00","slug":"team-2","status":"publish","type":"page","link":"https:\/\/maedchenlager.stbruno.de\/?page_id=126","title":{"rendered":"Das sind wir!"},"content":{"rendered":"\n<div class=\"wp-block-columns is-layout-flex wp-container-core-columns-is-layout-9d6595d7 wp-block-columns-is-layout-flex\">\n<div class=\"wp-block-column is-layout-flow wp-block-column-is-layout-flow\">\n<figure class=\"wp-block-image size-large is-style-rounded\"><img loading=\"lazy\" decoding=\"async\" width=\"768\" height=\"1024\" src=\"https:\/\/maedchenlager.stbruno.de\/wp-content\/uploads\/2025\/04\/c355f0ba-b5f6-44db-ae37-fd8b2f847096-768x1024.jpeg\" alt=\"\" class=\"wp-image-1647\" style=\"aspect-ratio:1;object-fit:cover\" srcset=\"https:\/\/maedchenlager.stbruno.de\/wp-content\/uploads\/2025\/04\/c355f0ba-b5f6-44db-ae37-fd8b2f847096-768x1024.jpeg 768w, https:\/\/maedchenlager.stbruno.de\/wp-content\/uploads\/2025\/04\/c355f0ba-b5f6-44db-ae37-fd8b2f847096-225x300.jpeg 225w, https:\/\/maedchenlager.stbruno.de\/wp-content\/uploads\/2025\/04\/c355f0ba-b5f6-44db-ae37-fd8b2f847096-1152x1536.jpeg 1152w, https:\/\/maedchenlager.stbruno.de\/wp-content\/uploads\/2025\/04\/c355f0ba-b5f6-44db-ae37-fd8b2f847096.jpeg 1536w\" sizes=\"auto, (max-width: 768px) 100vw, 768px\" \/><\/figure>\n\n\n\n<p class=\"has-text-align-center has-vivid-red-color has-text-color\" style=\"font-size:15px\"><mark style=\"background-color:rgba(0, 0, 0, 0)\" class=\"has-inline-color has-black-color\">Mein Name ist <strong>Annabella<\/strong>, ich bin 21 Jahre alt und studiere Lehramt an der Universit\u00e4t zu K\u00f6ln. <br>Als Teilnehmerin bin ich in sieben Lagern mitgefahren und habe bereits f\u00fcnf als Leiterin miterlebt. Au\u00dferdem leite ich gemeinsam mit Mira eine Gruppe in St. Bruno. Im Lager werde ich mich unter anderem um das Tagebuch und die K\u00fcche k\u00fcmmern.<br> Ich freue mich auf ein tolles Lager mit euch!<\/mark><\/p>\n<\/div>\n\n\n\n<div class=\"wp-block-column is-layout-flow wp-block-column-is-layout-flow\">\n<figure class=\"wp-block-image size-large\"><img loading=\"lazy\" decoding=\"async\" width=\"1024\" height=\"1024\" src=\"http:\/\/maedchenlager.stbruno.de\/wp-content\/uploads\/2020\/11\/PSX_20201119_231307-1-1024x1024.jpg\" alt=\"\" class=\"wp-image-554\" srcset=\"https:\/\/maedchenlager.stbruno.de\/wp-content\/uploads\/2020\/11\/PSX_20201119_231307-1-1024x1024.jpg 1024w, https:\/\/maedchenlager.stbruno.de\/wp-content\/uploads\/2020\/11\/PSX_20201119_231307-1-300x300.jpg 300w, https:\/\/maedchenlager.stbruno.de\/wp-content\/uploads\/2020\/11\/PSX_20201119_231307-1-150x150.jpg 150w, https:\/\/maedchenlager.stbruno.de\/wp-content\/uploads\/2020\/11\/PSX_20201119_231307-1-768x768.jpg 768w, https:\/\/maedchenlager.stbruno.de\/wp-content\/uploads\/2020\/11\/PSX_20201119_231307-1.jpg 1200w\" sizes=\"auto, (max-width: 1024px) 100vw, 1024px\" \/><\/figure>\n\n\n\n<p class=\"has-text-align-center has-vivid-red-color has-text-color\" style=\"font-size:15px\"><mark style=\"background-color:rgba(0, 0, 0, 0)\" class=\"has-inline-color has-black-color\">Mein Name ist<strong> Lea <\/strong>und ich bin 21 Jahre alt. Mit 10 bin ich zum ersten Mal mit ins SoLa mitgefahren und dieses Jahr fahre ich das elfte Mal mit. <br>Diesen Sommer fange ich meine Ausbildung als Tischlerin an. <br>Ich freue mich auf ein tolles Lager!<\/mark><\/p>\n<\/div>\n\n\n\n<div class=\"wp-block-column is-layout-flow wp-block-column-is-layout-flow\">\n<figure class=\"wp-block-image size-full is-style-rounded\"><img loading=\"lazy\" decoding=\"async\" width=\"693\" height=\"693\" src=\"https:\/\/maedchenlager.stbruno.de\/wp-content\/uploads\/2026\/03\/Mira.jpg\" alt=\"\" class=\"wp-image-1877\" srcset=\"https:\/\/maedchenlager.stbruno.de\/wp-content\/uploads\/2026\/03\/Mira.jpg 693w, https:\/\/maedchenlager.stbruno.de\/wp-content\/uploads\/2026\/03\/Mira-300x300.jpg 300w, https:\/\/maedchenlager.stbruno.de\/wp-content\/uploads\/2026\/03\/Mira-150x150.jpg 150w\" sizes=\"auto, (max-width: 693px) 100vw, 693px\" \/><\/figure>\n\n\n\n<p class=\"has-text-align-center has-vivid-red-color has-text-color\" style=\"font-size:15px\"><mark style=\"background-color:rgba(0, 0, 0, 0)\" class=\"has-inline-color has-black-color\">Hallo ich hei\u00dfe <strong>Mira <\/strong>und bin 20 Jahre alt. Im Herbst fange ich an Rechtswissenschaften an der Uni Freiburg zu studieren.<br> Ich freue mich sehr auf das diesj\u00e4hrige SoLa!<\/mark><\/p>\n<\/div>\n<\/div>\n\n\n\n<div class=\"wp-block-columns is-layout-flex wp-container-core-columns-is-layout-9d6595d7 wp-block-columns-is-layout-flex\">\n<div class=\"wp-block-column is-layout-flow wp-block-column-is-layout-flow\">\n<figure class=\"wp-block-image size-large is-style-rounded\"><img loading=\"lazy\" decoding=\"async\" width=\"1024\" height=\"1024\" src=\"https:\/\/maedchenlager.stbruno.de\/wp-content\/uploads\/2026\/03\/Ida-1024x1024.jpg\" alt=\"\" class=\"wp-image-1868\" srcset=\"https:\/\/maedchenlager.stbruno.de\/wp-content\/uploads\/2026\/03\/Ida-1024x1024.jpg 1024w, https:\/\/maedchenlager.stbruno.de\/wp-content\/uploads\/2026\/03\/Ida-300x300.jpg 300w, https:\/\/maedchenlager.stbruno.de\/wp-content\/uploads\/2026\/03\/Ida-150x150.jpg 150w, https:\/\/maedchenlager.stbruno.de\/wp-content\/uploads\/2026\/03\/Ida-768x768.jpg 768w, https:\/\/maedchenlager.stbruno.de\/wp-content\/uploads\/2026\/03\/Ida.jpg 1500w\" sizes=\"auto, (max-width: 1024px) 100vw, 1024px\" \/><\/figure>\n\n\n\n<p class=\"has-text-align-center has-vivid-red-color has-text-color\" style=\"font-size:15px\"><mark style=\"background-color:rgba(0, 0, 0, 0)\" class=\"has-inline-color has-black-color\">Hallo, ich bin <strong>Ida<\/strong>, ich bin 19 Jahre alt. Ich studiere Sonderp\u00e4dagogik an der Uni zu K\u00f6ln. Ich bin 2018 in mein erstes Sommerlager mitgefahren und seitdem jedes Jahr dabei. Ich freue mich sehr dieses Jahr das f\u00fcnfte Mal als Leiterin mitzufahren. Zusammen mit Nike und Pauli \u00fcbernehme ich die Lagerleitung. Ich freue mich auf ein tolles Lager mit euch!<\/mark><\/p>\n<\/div>\n\n\n\n<div class=\"wp-block-column is-layout-flow wp-block-column-is-layout-flow\">\n<figure class=\"wp-block-image size-full is-style-rounded\"><img loading=\"lazy\" decoding=\"async\" width=\"894\" height=\"894\" src=\"https:\/\/maedchenlager.stbruno.de\/wp-content\/uploads\/2026\/03\/Sophia.jpg\" alt=\"\" class=\"wp-image-1869\" srcset=\"https:\/\/maedchenlager.stbruno.de\/wp-content\/uploads\/2026\/03\/Sophia.jpg 894w, https:\/\/maedchenlager.stbruno.de\/wp-content\/uploads\/2026\/03\/Sophia-300x300.jpg 300w, https:\/\/maedchenlager.stbruno.de\/wp-content\/uploads\/2026\/03\/Sophia-150x150.jpg 150w, https:\/\/maedchenlager.stbruno.de\/wp-content\/uploads\/2026\/03\/Sophia-768x768.jpg 768w\" sizes=\"auto, (max-width: 894px) 100vw, 894px\" \/><\/figure>\n\n\n\n<p class=\"has-text-align-center has-vivid-red-color has-text-color\" style=\"font-size:15px\"><mark style=\"background-color:rgba(0, 0, 0, 0)\" class=\"has-inline-color has-black-color\">Hallo ich bin <strong>Sophia<\/strong>,<br>Ich bin 17 Jahre alt. Ich bin seit 2023 Leiterin bei der Sankt Bruno Gemeinde, davor bin ich auch schon als Teilnehmerin bei Sommer- und Winter-Lagern mitgefahren. Ich gehe zurzeit zur Schule und mache in meiner Freizeit Leichtathletik. Im Sommerlager bin ich f\u00fcr das Material zust\u00e4ndig.<\/mark><\/p>\n<\/div>\n\n\n\n<div class=\"wp-block-column is-layout-flow wp-block-column-is-layout-flow\">\n<figure class=\"wp-block-image size-large is-style-rounded\"><img loading=\"lazy\" decoding=\"async\" width=\"1024\" height=\"1024\" src=\"https:\/\/maedchenlager.stbruno.de\/wp-content\/uploads\/2026\/03\/Maren-1024x1024.jpg\" alt=\"\" class=\"wp-image-1867\" srcset=\"https:\/\/maedchenlager.stbruno.de\/wp-content\/uploads\/2026\/03\/Maren-1024x1024.jpg 1024w, https:\/\/maedchenlager.stbruno.de\/wp-content\/uploads\/2026\/03\/Maren-300x300.jpg 300w, https:\/\/maedchenlager.stbruno.de\/wp-content\/uploads\/2026\/03\/Maren-150x150.jpg 150w, https:\/\/maedchenlager.stbruno.de\/wp-content\/uploads\/2026\/03\/Maren-768x768.jpg 768w, https:\/\/maedchenlager.stbruno.de\/wp-content\/uploads\/2026\/03\/Maren.jpg 1330w\" sizes=\"auto, (max-width: 1024px) 100vw, 1024px\" \/><\/figure>\n\n\n\n<p class=\"has-text-align-center has-vivid-red-color has-text-color\" style=\"font-size:15px\"><mark style=\"background-color:rgba(0, 0, 0, 0)\" class=\"has-inline-color has-black-color\">Ich bin <strong>Maren <\/strong>und bin 19 Jahre alt. Zurzeit mache ich mein Anerkennungsjahr zur Erzieherin in einer Kindertagesst\u00e4tte in Lindenthal. Ich freue mich auf ein sch\u00f6nes SoLa mit euch.<\/mark><\/p>\n<\/div>\n<\/div>\n\n\n\n<div class=\"wp-block-columns is-layout-flex wp-container-core-columns-is-layout-9d6595d7 wp-block-columns-is-layout-flex\">\n<div class=\"wp-block-column is-layout-flow wp-block-column-is-layout-flow\">\n<figure class=\"wp-block-image size-large\"><img loading=\"lazy\" decoding=\"async\" width=\"1024\" height=\"1024\" src=\"http:\/\/maedchenlager.stbruno.de\/wp-content\/uploads\/2021\/06\/PSX_20210624_113326-1024x1024.jpg\" alt=\"\" class=\"wp-image-695\" srcset=\"https:\/\/maedchenlager.stbruno.de\/wp-content\/uploads\/2021\/06\/PSX_20210624_113326-1024x1024.jpg 1024w, https:\/\/maedchenlager.stbruno.de\/wp-content\/uploads\/2021\/06\/PSX_20210624_113326-300x300.jpg 300w, https:\/\/maedchenlager.stbruno.de\/wp-content\/uploads\/2021\/06\/PSX_20210624_113326-150x150.jpg 150w, https:\/\/maedchenlager.stbruno.de\/wp-content\/uploads\/2021\/06\/PSX_20210624_113326-768x768.jpg 768w, https:\/\/maedchenlager.stbruno.de\/wp-content\/uploads\/2021\/06\/PSX_20210624_113326-1536x1536.jpg 1536w, https:\/\/maedchenlager.stbruno.de\/wp-content\/uploads\/2021\/06\/PSX_20210624_113326-2048x2048.jpg 2048w\" sizes=\"auto, (max-width: 1024px) 100vw, 1024px\" \/><\/figure>\n\n\n\n<p class=\"has-text-align-center has-vivid-red-color has-text-color\" style=\"font-size:15px\"><mark style=\"background-color:rgba(0, 0, 0, 0)\" class=\"has-inline-color has-black-color\">Hallo ich hei\u00dfe <strong>Maja <\/strong>und bin 19 Jahre alt. Ich habe letztes Jahr mein Abitur am HvB absolviert und fange im Herbst an Geschichte und Kulturwissenschaften in Leipzig zu studieren.<br> Ich fahre selbst bereits seit 10 Jahren mit ins Sola, dieses Jahr wird es mein viertes Mal als Leiterin sein. Im Sommerlager k\u00fcmmere ich mich um die Finanzen. <br>Ich bin schon sehr gespannt!<\/mark><\/p>\n<\/div>\n\n\n\n<div class=\"wp-block-column is-layout-flow wp-block-column-is-layout-flow\">\n<figure class=\"wp-block-image size-large\"><img loading=\"lazy\" decoding=\"async\" width=\"1024\" height=\"1024\" src=\"http:\/\/maedchenlager.stbruno.de\/wp-content\/uploads\/2021\/06\/PSX_20210624_113238-1024x1024.jpg\" alt=\"\" class=\"wp-image-696\" srcset=\"https:\/\/maedchenlager.stbruno.de\/wp-content\/uploads\/2021\/06\/PSX_20210624_113238-1024x1024.jpg 1024w, https:\/\/maedchenlager.stbruno.de\/wp-content\/uploads\/2021\/06\/PSX_20210624_113238-300x300.jpg 300w, https:\/\/maedchenlager.stbruno.de\/wp-content\/uploads\/2021\/06\/PSX_20210624_113238-150x150.jpg 150w, https:\/\/maedchenlager.stbruno.de\/wp-content\/uploads\/2021\/06\/PSX_20210624_113238-768x768.jpg 768w, https:\/\/maedchenlager.stbruno.de\/wp-content\/uploads\/2021\/06\/PSX_20210624_113238-1536x1536.jpg 1536w, https:\/\/maedchenlager.stbruno.de\/wp-content\/uploads\/2021\/06\/PSX_20210624_113238-2048x2048.jpg 2048w\" sizes=\"auto, (max-width: 1024px) 100vw, 1024px\" \/><\/figure>\n\n\n\n<p class=\"has-text-align-center has-vivid-red-color has-text-color\" style=\"font-size:15px\"><mark style=\"background-color:rgba(0, 0, 0, 0)\" class=\"has-inline-color has-black-color\">Hallo ich hei\u00dfe <strong>Elisabeth<\/strong>, ich bin 18 Jahre alt und habe 2023 mein Abitur auf dem Hildegard von Bingen Gymnasium abgelegt. Ich studiere zurzeit Film- und Medienwissenschaften in Wien.<br>Ich bin fr\u00fcher mehrere Jahre als Teilnehmerin mitgefahren und freue mich jetzt auf mein viertes Jahr als Leiterin mit euch!<\/mark><\/p>\n<\/div>\n\n\n\n<div class=\"wp-block-column is-layout-flow wp-block-column-is-layout-flow\">\n<figure class=\"wp-block-image size-full is-style-rounded wp-duotone-unset-1\"><img loading=\"lazy\" decoding=\"async\" width=\"807\" height=\"807\" src=\"https:\/\/maedchenlager.stbruno.de\/wp-content\/uploads\/2026\/04\/Pauli.jpg\" alt=\"\" class=\"wp-image-1882\" srcset=\"https:\/\/maedchenlager.stbruno.de\/wp-content\/uploads\/2026\/04\/Pauli.jpg 807w, https:\/\/maedchenlager.stbruno.de\/wp-content\/uploads\/2026\/04\/Pauli-300x300.jpg 300w, https:\/\/maedchenlager.stbruno.de\/wp-content\/uploads\/2026\/04\/Pauli-150x150.jpg 150w, https:\/\/maedchenlager.stbruno.de\/wp-content\/uploads\/2026\/04\/Pauli-768x768.jpg 768w\" sizes=\"auto, (max-width: 807px) 100vw, 807px\" \/><\/figure>\n\n\n\n<p class=\"has-text-align-center has-vivid-red-color has-text-color\" style=\"font-size:15px\"><mark style=\"background-color:rgba(0, 0, 0, 0)\" class=\"has-inline-color has-black-color\">Hey! Ich bin <strong>Pauli<\/strong>, 18 Jahre alt und gehe in die 12. Klasse aufs Schiller Gymnasium K\u00f6ln. In meiner Freizeit tanze ich und jobbe nebenbei als Trainerin und in einer psychotherapeutischen Praxis. Im Sommerlager mache ich mit Nike und Ida gemeinsam die Lagerleitung. Ich freue mich auf euch!!<\/mark><\/p>\n<\/div>\n<\/div>\n\n\n\n<div class=\"wp-block-columns is-layout-flex wp-container-core-columns-is-layout-9d6595d7 wp-block-columns-is-layout-flex\">\n<div class=\"wp-block-column is-layout-flow wp-block-column-is-layout-flow\">\n<figure class=\"wp-block-image size-large is-style-rounded\"><img loading=\"lazy\" decoding=\"async\" width=\"1024\" height=\"1024\" src=\"https:\/\/maedchenlager.stbruno.de\/wp-content\/uploads\/2026\/03\/Ilayda-1024x1024.jpg\" alt=\"\" class=\"wp-image-1871\" srcset=\"https:\/\/maedchenlager.stbruno.de\/wp-content\/uploads\/2026\/03\/Ilayda-1024x1024.jpg 1024w, https:\/\/maedchenlager.stbruno.de\/wp-content\/uploads\/2026\/03\/Ilayda-300x300.jpg 300w, https:\/\/maedchenlager.stbruno.de\/wp-content\/uploads\/2026\/03\/Ilayda-150x150.jpg 150w, https:\/\/maedchenlager.stbruno.de\/wp-content\/uploads\/2026\/03\/Ilayda-768x768.jpg 768w, https:\/\/maedchenlager.stbruno.de\/wp-content\/uploads\/2026\/03\/Ilayda.jpg 1169w\" sizes=\"auto, (max-width: 1024px) 100vw, 1024px\" \/><\/figure>\n\n\n\n<p class=\"has-text-align-center has-vivid-red-color has-text-color\" style=\"font-size:15px\"><mark style=\"background-color:rgba(0, 0, 0, 0)\" class=\"has-inline-color has-black-color\">Hey!! Ich bin <strong>ilayda<\/strong>, 18 Jahre alt und gehe in die zw\u00f6lfte Klasse vom Hildegard von Bingen Gymnasium. Seit 2025 bin ich Leiterin und freue mich so dolle darauf, endlich als Leiterin mit ins Sommerlager zu fahren!<\/mark><\/p>\n<\/div>\n\n\n\n<div class=\"wp-block-column is-layout-flow wp-block-column-is-layout-flow\">\n<figure class=\"wp-block-image size-large is-style-rounded\"><img loading=\"lazy\" decoding=\"async\" width=\"1024\" height=\"1024\" src=\"https:\/\/maedchenlager.stbruno.de\/wp-content\/uploads\/2026\/03\/Nike-1-1024x1024.jpg\" alt=\"\" class=\"wp-image-1873\" srcset=\"https:\/\/maedchenlager.stbruno.de\/wp-content\/uploads\/2026\/03\/Nike-1-1024x1024.jpg 1024w, https:\/\/maedchenlager.stbruno.de\/wp-content\/uploads\/2026\/03\/Nike-1-300x300.jpg 300w, https:\/\/maedchenlager.stbruno.de\/wp-content\/uploads\/2026\/03\/Nike-1-150x150.jpg 150w, https:\/\/maedchenlager.stbruno.de\/wp-content\/uploads\/2026\/03\/Nike-1-768x768.jpg 768w, https:\/\/maedchenlager.stbruno.de\/wp-content\/uploads\/2026\/03\/Nike-1.jpg 1500w\" sizes=\"auto, (max-width: 1024px) 100vw, 1024px\" \/><\/figure>\n\n\n\n<p class=\"has-text-align-center has-vivid-red-color has-text-color\" style=\"font-size:15px\"><mark style=\"background-color:rgba(0, 0, 0, 0)\" class=\"has-inline-color has-black-color\">Hallo! Mein Name ist <strong>Nike<\/strong>, ich bin 17 Jahre alt und Sch\u00fclerin. Seit 2023 bin ich Leiterin bei St. Bruno und davor schon mehrmals als Teilnehmerin mitgefahren. In meiner Freizeit tanze ich gerne. Im Sommerlager \u00fcbernehme ich die Finanzen und dieses Jahr mache ich auch das erste Mal Lagerleitung mit Pauli und Ida! Ich freu mich schon aufs kommende Sola!!<\/mark><\/p>\n<\/div>\n\n\n\n<div class=\"wp-block-column is-layout-flow wp-block-column-is-layout-flow\">\n<figure class=\"wp-block-image size-full is-style-rounded wp-duotone-unset-2\"><img loading=\"lazy\" decoding=\"async\" width=\"867\" height=\"867\" src=\"https:\/\/maedchenlager.stbruno.de\/wp-content\/uploads\/2026\/03\/Sophie.jpg\" alt=\"\" class=\"wp-image-1874\" srcset=\"https:\/\/maedchenlager.stbruno.de\/wp-content\/uploads\/2026\/03\/Sophie.jpg 867w, https:\/\/maedchenlager.stbruno.de\/wp-content\/uploads\/2026\/03\/Sophie-300x300.jpg 300w, https:\/\/maedchenlager.stbruno.de\/wp-content\/uploads\/2026\/03\/Sophie-150x150.jpg 150w, https:\/\/maedchenlager.stbruno.de\/wp-content\/uploads\/2026\/03\/Sophie-768x768.jpg 768w\" sizes=\"auto, (max-width: 867px) 100vw, 867px\" \/><\/figure>\n\n\n\n<p class=\"has-text-align-center has-vivid-red-color has-text-color\" style=\"font-size:15px\"><mark style=\"background-color:rgba(0, 0, 0, 0)\" class=\"has-inline-color has-black-color\">Ich bin <strong>Sophie Weigand<\/strong> (16 Jahre). Ich besuche die 11. Klasse des Schillergymnasiums in K\u00f6ln. Seit einem knappen Jahr bin ich Brunoleiterin und habe schon mehrmals als Teilnehmerin und einmal als Leiterin an den Fahrten teilgenommen. In meiner Freizeit spiele ich Posaune, Tennis, gehe in die Kirche und diene aktiv als Messdienerin im Gottesdienst. Zus\u00e4tzlich interessiere ich mich f\u00fcr Astronomie und das Weltall.<\/mark><\/p>\n<\/div>\n<\/div>\n\n\n\n<div class=\"wp-block-columns is-layout-flex wp-container-core-columns-is-layout-9d6595d7 wp-block-columns-is-layout-flex\">\n<div class=\"wp-block-column is-layout-flow wp-block-column-is-layout-flow\">\n<figure class=\"wp-block-image size-full is-style-rounded\"><img loading=\"lazy\" decoding=\"async\" width=\"646\" height=\"646\" src=\"https:\/\/maedchenlager.stbruno.de\/wp-content\/uploads\/2026\/03\/Hannah.jpg\" alt=\"\" class=\"wp-image-1875\" srcset=\"https:\/\/maedchenlager.stbruno.de\/wp-content\/uploads\/2026\/03\/Hannah.jpg 646w, https:\/\/maedchenlager.stbruno.de\/wp-content\/uploads\/2026\/03\/Hannah-300x300.jpg 300w, https:\/\/maedchenlager.stbruno.de\/wp-content\/uploads\/2026\/03\/Hannah-150x150.jpg 150w\" sizes=\"auto, (max-width: 646px) 100vw, 646px\" \/><\/figure>\n\n\n\n<p class=\"has-text-align-center has-vivid-red-color has-text-color\" style=\"font-size:15px\"><mark style=\"background-color:rgba(0, 0, 0, 0)\" class=\"has-inline-color has-black-color\">Hallo, ich hei\u00dfe <strong>Hannah<\/strong>, ich bin 17 Jahre alt und Sch\u00fclerin. Ich fahre seit 2020 im Sommerlager mit und freue mich auf mein drittes Jahr als Leiterin. In meiner Freizeit arbeite ich in der Oper. Ich freue mich schon auf ein tolles Lager!<\/mark><\/p>\n<\/div>\n\n\n\n<div class=\"wp-block-column is-layout-flow wp-block-column-is-layout-flow\">\n<figure class=\"wp-block-image size-full is-style-rounded\"><img loading=\"lazy\" decoding=\"async\" width=\"552\" height=\"552\" src=\"https:\/\/maedchenlager.stbruno.de\/wp-content\/uploads\/2026\/03\/Megan.jpg\" alt=\"\" class=\"wp-image-1879\" srcset=\"https:\/\/maedchenlager.stbruno.de\/wp-content\/uploads\/2026\/03\/Megan.jpg 552w, https:\/\/maedchenlager.stbruno.de\/wp-content\/uploads\/2026\/03\/Megan-300x300.jpg 300w, https:\/\/maedchenlager.stbruno.de\/wp-content\/uploads\/2026\/03\/Megan-150x150.jpg 150w\" sizes=\"auto, (max-width: 552px) 100vw, 552px\" \/><\/figure>\n\n\n\n<p class=\"has-text-align-center has-vivid-red-color has-text-color\" style=\"font-size:15px\"><mark style=\"background-color:rgba(0, 0, 0, 0)\" class=\"has-inline-color has-black-color\">Mein Name ist <strong>Megan <\/strong>und ich bin 19 Jahre alt! Als ich 10 war, bin ich fast jedes Jahr mit ins Sommerlager mitgefahren als Teilnehmerin. Nun bin ich auch seit zwei Jahren Leiterin f\u00fcrs Sommerlager. Ich bin momentan im Letzten Halbjahr, meiner Ausbildung zur Sozial Assistentin! Ich freue mich schon auf das n\u00e4chste Sola!<\/mark><\/p>\n<\/div>\n\n\n\n<div class=\"wp-block-column is-layout-flow wp-block-column-is-layout-flow\">\n<figure class=\"wp-block-image size-full is-style-rounded wp-duotone-unset-3\"><img loading=\"lazy\" decoding=\"async\" width=\"980\" height=\"980\" src=\"https:\/\/maedchenlager.stbruno.de\/wp-content\/uploads\/2026\/03\/placeholder.png\" alt=\"\" class=\"wp-image-1876\" srcset=\"https:\/\/maedchenlager.stbruno.de\/wp-content\/uploads\/2026\/03\/placeholder.png 980w, https:\/\/maedchenlager.stbruno.de\/wp-content\/uploads\/2026\/03\/placeholder-300x300.png 300w, https:\/\/maedchenlager.stbruno.de\/wp-content\/uploads\/2026\/03\/placeholder-150x150.png 150w, https:\/\/maedchenlager.stbruno.de\/wp-content\/uploads\/2026\/03\/placeholder-768x768.png 768w\" sizes=\"auto, (max-width: 980px) 100vw, 980px\" \/><\/figure>\n\n\n\n<p class=\"has-text-align-center has-vivid-red-color has-text-color\" style=\"font-size:15px\"><mark style=\"background-color:rgba(0, 0, 0, 0)\" class=\"has-inline-color has-black-color\">Hallo! Ich bin <strong>Mathilda <\/strong>und 18 Jahre alt. Zurzeit gehe ich noch zur Schule und in meiner Freizeit spiele ich Fu\u00dfball und tanze gerne. Im Sommerlager mache ich mit Sophia das Material. Ich freu mich schon auf das Sola mit euch!<\/mark><\/p>\n<\/div>\n<\/div>\n\n\n\n<p><\/p>\n\n\n\n<p><\/p>\n","protected":false},"excerpt":{"rendered":"<p>Mein Name ist Annabella, ich bin 21 Jahre alt und studiere Lehramt an der Universit\u00e4t zu K\u00f6ln. Als Teilnehmerin bin ich in sieben Lagern mitgefahren und habe bereits f\u00fcnf als Leiterin miterlebt. Au\u00dferdem leite ich gemeinsam mit Mira eine Gruppe in St. Bruno. Im Lager werde ich mich unter anderem um das Tagebuch und die &hellip; <a href=\"https:\/\/maedchenlager.stbruno.de\/?page_id=126\" class=\"more-link\"><span class=\"screen-reader-text\">Das sind wir!<\/span> weiterlesen<\/a><\/p>\n","protected":false},"author":1,"featured_media":0,"parent":0,"menu_order":0,"comment_status":"closed","ping_status":"closed","template":"","meta":{"_uag_custom_page_level_css":"","footnotes":""},"class_list":["post-126","page","type-page","status-publish","hentry"],"uagb_featured_image_src":{"full":false,"thumbnail":false,"medium":false,"medium_large":false,"large":false,"1536x1536":false,"2048x2048":false,"post-thumbnail":false},"uagb_author_info":{"display_name":"admin","author_link":"https:\/\/maedchenlager.stbruno.de\/?author=1"},"uagb_comment_info":0,"uagb_excerpt":"Mein Name ist Annabella, ich bin 21 Jahre alt und studiere Lehramt an der Universit\u00e4t zu K\u00f6ln. Als Teilnehmerin bin ich in sieben Lagern mitgefahren und habe bereits f\u00fcnf als Leiterin miterlebt. Au\u00dferdem leite ich gemeinsam mit Mira eine Gruppe in St. Bruno. Im Lager werde ich mich unter anderem um das Tagebuch und die&hellip;","_links":{"self":[{"href":"https:\/\/maedchenlager.stbruno.de\/index.php?rest_route=\/wp\/v2\/pages\/126","targetHints":{"allow":["GET"]}}],"collection":[{"href":"https:\/\/maedchenlager.stbruno.de\/index.php?rest_route=\/wp\/v2\/pages"}],"about":[{"href":"https:\/\/maedchenlager.stbruno.de\/index.php?rest_route=\/wp\/v2\/types\/page"}],"author":[{"embeddable":true,"href":"https:\/\/maedchenlager.stbruno.de\/index.php?rest_route=\/wp\/v2\/users\/1"}],"replies":[{"embeddable":true,"href":"https:\/\/maedchenlager.stbruno.de\/index.php?rest_route=%2Fwp%2Fv2%2Fcomments&post=126"}],"version-history":[{"count":45,"href":"https:\/\/maedchenlager.stbruno.de\/index.php?rest_route=\/wp\/v2\/pages\/126\/revisions"}],"predecessor-version":[{"id":1884,"href":"https:\/\/maedchenlager.stbruno.de\/index.php?rest_route=\/wp\/v2\/pages\/126\/revisions\/1884"}],"wp:attachment":[{"href":"https:\/\/maedchenlager.stbruno.de\/index.php?rest_route=%2Fwp%2Fv2%2Fmedia&parent=126"}],"curies":[{"name":"wp","href":"https:\/\/api.w.org\/{rel}","templated":true}]}}