{"id":12,"date":"2019-06-28T09:40:19","date_gmt":"2019-06-28T09:40:19","guid":{"rendered":"http:\/\/maedchenlager.stbruno.de\/?page_id=12"},"modified":"2026-03-01T13:42:24","modified_gmt":"2026-03-01T12:42:24","slug":"kontakt","status":"publish","type":"page","link":"https:\/\/maedchenlager.stbruno.de\/?page_id=12","title":{"rendered":"Kontakt"},"content":{"rendered":"\n<hr class=\"wp-block-separator has-css-opacity is-style-wide\"\/>\n\n\n\n<p><strong>M\u00e4dchensommerlager der Kolpingjugend <br><\/strong>K\u00f6ln S\u00fclz \/ Klettenberg<\/p>\n\n\n\n<p><strong>Kolpingjugend St. Bruno<br><\/strong>Klettenbergg\u00fcrtel 71<br>50939 K\u00f6ln<\/p>\n\n\n\n<p>Ansprechpartnerin: Ida Wild <br>E-Mail:<a href=\"mailto:maedchenlager.stbruno@kirche-sk.de\"> maedchenlager.stbruno@kirche-sk.de<\/a><\/p>\n\n\n\n<hr class=\"wp-block-separator has-css-opacity is-style-wide\"\/>\n\n\n\n<p><strong>Bankverbindung<\/strong><br>Betreff: M\u00e4dchensommerlager + Name<br>Sparkasse K\u00f6lnBonn<br>IBAN: DE95 3705 0198 0022 6720 67<br>BIC: COLSDE33XXX<\/p>\n\n\n\n<hr class=\"wp-block-separator has-css-opacity is-style-wide\"\/>\n\n\n\n<p><\/p>\n","protected":false},"excerpt":{"rendered":"<p>M\u00e4dchensommerlager der Kolpingjugend K\u00f6ln S\u00fclz \/ Klettenberg Kolpingjugend St. BrunoKlettenbergg\u00fcrtel 7150939 K\u00f6ln Ansprechpartnerin: Ida Wild E-Mail: maedchenlager.stbruno@kirche-sk.de BankverbindungBetreff: M\u00e4dchensommerlager + NameSparkasse K\u00f6lnBonnIBAN: DE95 3705 0198 0022 6720 67BIC: COLSDE33XXX<\/p>\n","protected":false},"author":1,"featured_media":0,"parent":0,"menu_order":0,"comment_status":"closed","ping_status":"closed","template":"","meta":{"_uag_custom_page_level_css":"","footnotes":""},"class_list":["post-12","page","type-page","status-publish","hentry"],"uagb_featured_image_src":{"full":false,"thumbnail":false,"medium":false,"medium_large":false,"large":false,"1536x1536":false,"2048x2048":false,"post-thumbnail":false},"uagb_author_info":{"display_name":"admin","author_link":"https:\/\/maedchenlager.stbruno.de\/?author=1"},"uagb_comment_info":0,"uagb_excerpt":"M\u00e4dchensommerlager der Kolpingjugend K\u00f6ln S\u00fclz \/ Klettenberg Kolpingjugend St. BrunoKlettenbergg\u00fcrtel 7150939 K\u00f6ln Ansprechpartnerin: Ida Wild E-Mail: maedchenlager.stbruno@kirche-sk.de BankverbindungBetreff: M\u00e4dchensommerlager + NameSparkasse K\u00f6lnBonnIBAN: DE95 3705 0198 0022 6720 67BIC: COLSDE33XXX","_links":{"self":[{"href":"https:\/\/maedchenlager.stbruno.de\/index.php?rest_route=\/wp\/v2\/pages\/12","targetHints":{"allow":["GET"]}}],"collection":[{"href":"https:\/\/maedchenlager.stbruno.de\/index.php?rest_route=\/wp\/v2\/pages"}],"about":[{"href":"https:\/\/maedchenlager.stbruno.de\/index.php?rest_route=\/wp\/v2\/types\/page"}],"author":[{"embeddable":true,"href":"https:\/\/maedchenlager.stbruno.de\/index.php?rest_route=\/wp\/v2\/users\/1"}],"replies":[{"embeddable":true,"href":"https:\/\/maedchenlager.stbruno.de\/index.php?rest_route=%2Fwp%2Fv2%2Fcomments&post=12"}],"version-history":[{"count":8,"href":"https:\/\/maedchenlager.stbruno.de\/index.php?rest_route=\/wp\/v2\/pages\/12\/revisions"}],"predecessor-version":[{"id":1865,"href":"https:\/\/maedchenlager.stbruno.de\/index.php?rest_route=\/wp\/v2\/pages\/12\/revisions\/1865"}],"wp:attachment":[{"href":"https:\/\/maedchenlager.stbruno.de\/index.php?rest_route=%2Fwp%2Fv2%2Fmedia&parent=12"}],"curies":[{"name":"wp","href":"https:\/\/api.w.org\/{rel}","templated":true}]}}