{"id":1166,"date":"2022-12-18T17:42:31","date_gmt":"2022-12-18T16:42:31","guid":{"rendered":"http:\/\/maedchenlager.stbruno.de\/?page_id=1166"},"modified":"2026-01-19T04:00:09","modified_gmt":"2026-01-19T03:00:09","slug":"anmeldung","status":"publish","type":"page","link":"https:\/\/maedchenlager.stbruno.de\/?page_id=1166","title":{"rendered":"Anmeldung Sommerlager 2026"},"content":{"rendered":"\n<p>Hier k\u00f6nnt ihr euch die Anmeldung f\u00fcr das Sommerlager 2026 herunterladen. <br>Diese gebt ihr bitte im Pfarrb\u00fcro von St. Bruno (Klettenbergg\u00fcrtel 71, 50937 K\u00f6ln) ab oder sendet sie uns einfach per Mail (<a href=\"mailto:maedchenlager.stbruno@kirche-sk.de\">maedchenlager.stbruno@kirche-sk.de<\/a>).<\/p>\n\n\n\n<p><br>Wir freuen uns auf euch! \ud83d\ude42 <\/p>\n\n\n\n<div class=\"wp-block-file\"><a id=\"wp-block-file--media-3d5dd2fa-0779-44f0-8667-0bea0646cf66\" href=\"https:\/\/maedchenlager.stbruno.de\/wp-content\/uploads\/2026\/01\/Anmeldung_Sommerlager_2026.pdf\">Anmeldung_Sommerlager_2026.pdf<\/a><a href=\"https:\/\/maedchenlager.stbruno.de\/wp-content\/uploads\/2026\/01\/Anmeldung_Sommerlager_2026.pdf\" class=\"wp-block-file__button wp-element-button\" download aria-describedby=\"wp-block-file--media-3d5dd2fa-0779-44f0-8667-0bea0646cf66\">Herunterladen<\/a><\/div>\n\n\n\n<p><\/p>\n","protected":false},"excerpt":{"rendered":"<p>Hier k\u00f6nnt ihr euch die Anmeldung f\u00fcr das Sommerlager 2026 herunterladen. Diese gebt ihr bitte im Pfarrb\u00fcro von St. Bruno (Klettenbergg\u00fcrtel 71, 50937 K\u00f6ln) ab oder sendet sie uns einfach per Mail (maedchenlager.stbruno@kirche-sk.de). Wir freuen uns auf euch! \ud83d\ude42<\/p>\n","protected":false},"author":1,"featured_media":0,"parent":0,"menu_order":0,"comment_status":"closed","ping_status":"closed","template":"","meta":{"_uag_custom_page_level_css":"","footnotes":""},"class_list":["post-1166","page","type-page","status-publish","hentry"],"uagb_featured_image_src":{"full":false,"thumbnail":false,"medium":false,"medium_large":false,"large":false,"1536x1536":false,"2048x2048":false,"post-thumbnail":false},"uagb_author_info":{"display_name":"admin","author_link":"https:\/\/maedchenlager.stbruno.de\/?author=1"},"uagb_comment_info":0,"uagb_excerpt":"Hier k\u00f6nnt ihr euch die Anmeldung f\u00fcr das Sommerlager 2026 herunterladen. Diese gebt ihr bitte im Pfarrb\u00fcro von St. Bruno (Klettenbergg\u00fcrtel 71, 50937 K\u00f6ln) ab oder sendet sie uns einfach per Mail (maedchenlager.stbruno@kirche-sk.de). Wir freuen uns auf euch! \ud83d\ude42","_links":{"self":[{"href":"https:\/\/maedchenlager.stbruno.de\/index.php?rest_route=\/wp\/v2\/pages\/1166","targetHints":{"allow":["GET"]}}],"collection":[{"href":"https:\/\/maedchenlager.stbruno.de\/index.php?rest_route=\/wp\/v2\/pages"}],"about":[{"href":"https:\/\/maedchenlager.stbruno.de\/index.php?rest_route=\/wp\/v2\/types\/page"}],"author":[{"embeddable":true,"href":"https:\/\/maedchenlager.stbruno.de\/index.php?rest_route=\/wp\/v2\/users\/1"}],"replies":[{"embeddable":true,"href":"https:\/\/maedchenlager.stbruno.de\/index.php?rest_route=%2Fwp%2Fv2%2Fcomments&post=1166"}],"version-history":[{"count":11,"href":"https:\/\/maedchenlager.stbruno.de\/index.php?rest_route=\/wp\/v2\/pages\/1166\/revisions"}],"predecessor-version":[{"id":1843,"href":"https:\/\/maedchenlager.stbruno.de\/index.php?rest_route=\/wp\/v2\/pages\/1166\/revisions\/1843"}],"wp:attachment":[{"href":"https:\/\/maedchenlager.stbruno.de\/index.php?rest_route=%2Fwp%2Fv2%2Fmedia&parent=1166"}],"curies":[{"name":"wp","href":"https:\/\/api.w.org\/{rel}","templated":true}]}}